{"id":17,"date":"2024-07-01T09:14:06","date_gmt":"2024-07-01T09:14:06","guid":{"rendered":"https:\/\/vogueestilistak.rkinformatika.online\/?page_id=17"},"modified":"2024-07-04T09:49:15","modified_gmt":"2024-07-04T09:49:15","slug":"servicios","status":"publish","type":"page","link":"https:\/\/vogueestilistak.com\/eus\/servicios\/","title":{"rendered":"Zerbitzuak"},"content":{"rendered":"<div data-elementor-type=\"wp-page\" data-elementor-id=\"17\" class=\"elementor elementor-17\" data-elementor-post-type=\"page\">\n\t\t\t\t<div class=\"elementor-element elementor-element-2c13fa65 e-con-full e-flex e-con e-parent\" data-id=\"2c13fa65\" data-element_type=\"container\" data-e-type=\"container\" data-settings=\"{&quot;background_background&quot;:&quot;classic&quot;}\">\n\t\t<div class=\"elementor-element elementor-element-bbc7b07 e-flex e-con-boxed e-con e-child\" data-id=\"bbc7b07\" data-element_type=\"container\" data-e-type=\"container\">\n\t\t\t\t\t<div class=\"e-con-inner\">\n\t\t\t\t<div class=\"elementor-element elementor-element-3b6bd544 elementor-invisible elementor-widget elementor-widget-heading\" data-id=\"3b6bd544\" data-element_type=\"widget\" data-e-type=\"widget\" data-settings=\"{&quot;_animation&quot;:&quot;fadeInRight&quot;}\" data-widget_type=\"heading.default\">\n\t\t\t\t<div class=\"elementor-widget-container\">\n\t\t\t\t\t<h2 class=\"elementor-heading-title elementor-size-default\">Nuestro servicios<\/h2>\t\t\t\t<\/div>\n\t\t\t\t<\/div>\n\t\t\t\t<div class=\"elementor-element elementor-element-49efe821 elementor-widget__width-initial elementor-widget-mobile__width-inherit elementor-widget elementor-widget-text-editor\" data-id=\"49efe821\" data-element_type=\"widget\" data-e-type=\"widget\" data-widget_type=\"text-editor.default\">\n\t\t\t\t<div class=\"elementor-widget-container\">\n\t\t\t\t\t\t\t\t\t<p>Ofrecemos tratamientos capilares y est\u00e9ticos, piercings, productos veganos, art\u00edculos \u00abghd elite\u00bb, bonos regalo y servicio a domicilio en un entorno acogedor y profesional con m\u00e1s de 8 a\u00f1os de experiencia.<\/p>\t\t\t\t\t\t\t\t<\/div>\n\t\t\t\t<\/div>\n\t\t\t\t<div class=\"elementor-element elementor-element-3b054a67 elementor-align-center elementor-invisible elementor-widget elementor-widget-button\" data-id=\"3b054a67\" data-element_type=\"widget\" data-e-type=\"widget\" data-settings=\"{&quot;_animation&quot;:&quot;fadeInLeft&quot;}\" data-widget_type=\"button.default\">\n\t\t\t\t<div class=\"elementor-widget-container\">\n\t\t\t\t\t\t\t\t\t<div class=\"elementor-button-wrapper\">\n\t\t\t\t\t<a class=\"elementor-button elementor-button-link elementor-size-sm elementor-animation-grow\" href=\"tel:%20+34%20680%20115%20519\">\n\t\t\t\t\t\t<span class=\"elementor-button-content-wrapper\">\n\t\t\t\t\t\t\t\t\t<span class=\"elementor-button-text\">Llamanos Aharo<\/span>\n\t\t\t\t\t<\/span>\n\t\t\t\t\t<\/a>\n\t\t\t\t<\/div>\n\t\t\t\t\t\t\t\t<\/div>\n\t\t\t\t<\/div>\n\t\t\t\t\t<\/div>\n\t\t\t\t<\/div>\n\t\t<div class=\"elementor-element elementor-element-2d82d30a e-con-full e-flex e-con e-child\" data-id=\"2d82d30a\" data-element_type=\"container\" data-e-type=\"container\">\n\t\t<div class=\"elementor-element elementor-element-60aeb37 e-con-full e-flex elementor-invisible e-con e-child\" data-id=\"60aeb37\" data-element_type=\"container\" data-e-type=\"container\" data-settings=\"{&quot;animation&quot;:&quot;fadeInUp&quot;}\">\n\t\t\t\t<div class=\"elementor-element elementor-element-22dcf114 elementor-cta--layout-image-above elementor-widget__width-inherit elementor-widget-tablet__width-inherit elementor-cta--skin-classic elementor-animated-content elementor-bg-transform elementor-bg-transform-zoom-in elementor-widget elementor-widget-call-to-action\" data-id=\"22dcf114\" data-element_type=\"widget\" data-e-type=\"widget\" data-widget_type=\"call-to-action.default\">\n\t\t\t\t<div class=\"elementor-widget-container\">\n\t\t\t\t\t\t\t<div class=\"elementor-cta\">\n\t\t\t\t\t<div class=\"elementor-cta__bg-wrapper\">\n\t\t\t\t<div class=\"elementor-cta__bg elementor-bg\" style=\"background-image: url(https:\/\/vogueestilistak.com\/wp-content\/uploads\/2024\/07\/Captura-desde-2024-07-01-16-03-06.png);\" role=\"img\" aria-label=\"Captura desde 2024-07-01 16-03-06\"><\/div>\n\t\t\t\t<div class=\"elementor-cta__bg-overlay\"><\/div>\n\t\t\t<\/div>\n\t\t\t\t\t\t\t<div class=\"elementor-cta__content\">\n\t\t\t\t\n\t\t\t\t\t\t\t\t\t<h2 class=\"elementor-cta__title elementor-cta__content-item elementor-content-item\">\n\t\t\t\t\t\tIle-tratamenduak\t\t\t\t\t<\/h2>\n\t\t\t\t\n\t\t\t\t\n\t\t\t\t\t\t\t<\/div>\n\t\t\t\t\t\t<\/div>\n\t\t\t\t\t\t<\/div>\n\t\t\t\t<\/div>\n\t\t\t\t<div class=\"elementor-element elementor-element-f28bc28 elementor-align-center elementor-invisible elementor-widget elementor-widget-button\" data-id=\"f28bc28\" data-element_type=\"widget\" data-e-type=\"widget\" data-settings=\"{&quot;_animation&quot;:&quot;fadeInLeft&quot;}\" data-widget_type=\"button.default\">\n\t\t\t\t<div class=\"elementor-widget-container\">\n\t\t\t\t\t\t\t\t\t<div class=\"elementor-button-wrapper\">\n\t\t\t\t\t<a class=\"elementor-button elementor-button-link elementor-size-sm elementor-animation-grow\" href=\"https:\/\/vogueestilistak.com\/eus\/tratamientos-capilares\/\">\n\t\t\t\t\t\t<span class=\"elementor-button-content-wrapper\">\n\t\t\t\t\t\t\t\t\t<span class=\"elementor-button-text\">ver pagina<\/span>\n\t\t\t\t\t<\/span>\n\t\t\t\t\t<\/a>\n\t\t\t\t<\/div>\n\t\t\t\t\t\t\t\t<\/div>\n\t\t\t\t<\/div>\n\t\t\t\t<\/div>\n\t\t<div class=\"elementor-element elementor-element-44c87342 e-con-full e-flex elementor-invisible e-con e-child\" data-id=\"44c87342\" data-element_type=\"container\" data-e-type=\"container\" data-settings=\"{&quot;animation&quot;:&quot;fadeInUp&quot;}\">\n\t\t\t\t<div class=\"elementor-element elementor-element-4292d69f elementor-cta--layout-image-above elementor-widget__width-inherit elementor-widget-tablet__width-inherit elementor-cta--skin-classic elementor-animated-content elementor-bg-transform elementor-bg-transform-zoom-in elementor-widget elementor-widget-call-to-action\" data-id=\"4292d69f\" data-element_type=\"widget\" data-e-type=\"widget\" data-widget_type=\"call-to-action.default\">\n\t\t\t\t<div class=\"elementor-widget-container\">\n\t\t\t\t\t\t\t<div class=\"elementor-cta\">\n\t\t\t\t\t<div class=\"elementor-cta__bg-wrapper\">\n\t\t\t\t<div class=\"elementor-cta__bg elementor-bg\" style=\"background-image: url(https:\/\/vogueestilistak.com\/wp-content\/uploads\/2024\/07\/painting-the-face-of-a-45-year-old-man-for-an-aesthetic-treatment-with-botulinum-toxin-1024x682.jpg);\" role=\"img\" aria-label=\"painting the face of a 45-year-old man for an aesthetic treatment with botulinum toxin\"><\/div>\n\t\t\t\t<div class=\"elementor-cta__bg-overlay\"><\/div>\n\t\t\t<\/div>\n\t\t\t\t\t\t\t<div class=\"elementor-cta__content\">\n\t\t\t\t\n\t\t\t\t\t\t\t\t\t<h2 class=\"elementor-cta__title elementor-cta__content-item elementor-content-item\">\n\t\t\t\t\t\tTratamendu Estetikoak\t\t\t\t\t<\/h2>\n\t\t\t\t\n\t\t\t\t\n\t\t\t\t\t\t\t<\/div>\n\t\t\t\t\t\t<\/div>\n\t\t\t\t\t\t<\/div>\n\t\t\t\t<\/div>\n\t\t\t\t<div class=\"elementor-element elementor-element-0da013c elementor-align-center elementor-invisible elementor-widget elementor-widget-button\" data-id=\"0da013c\" data-element_type=\"widget\" data-e-type=\"widget\" data-settings=\"{&quot;_animation&quot;:&quot;fadeInLeft&quot;}\" data-widget_type=\"button.default\">\n\t\t\t\t<div class=\"elementor-widget-container\">\n\t\t\t\t\t\t\t\t\t<div class=\"elementor-button-wrapper\">\n\t\t\t\t\t<a class=\"elementor-button elementor-button-link elementor-size-sm elementor-animation-grow\" href=\"https:\/\/vogueestilistak.com\/eus\/tratamientos_esteticos\/\">\n\t\t\t\t\t\t<span class=\"elementor-button-content-wrapper\">\n\t\t\t\t\t\t\t\t\t<span class=\"elementor-button-text\">ver pagina<\/span>\n\t\t\t\t\t<\/span>\n\t\t\t\t\t<\/a>\n\t\t\t\t<\/div>\n\t\t\t\t\t\t\t\t<\/div>\n\t\t\t\t<\/div>\n\t\t\t\t<\/div>\n\t\t<div class=\"elementor-element elementor-element-32a932a e-con-full e-flex elementor-invisible e-con e-child\" data-id=\"32a932a\" data-element_type=\"container\" data-e-type=\"container\" data-settings=\"{&quot;animation&quot;:&quot;fadeInUp&quot;}\">\n\t\t\t\t<div class=\"elementor-element elementor-element-87ff351 elementor-cta--layout-image-above elementor-widget__width-inherit elementor-widget-tablet__width-inherit elementor-cta--skin-classic elementor-animated-content elementor-bg-transform elementor-bg-transform-zoom-in elementor-widget elementor-widget-call-to-action\" data-id=\"87ff351\" data-element_type=\"widget\" data-e-type=\"widget\" data-widget_type=\"call-to-action.default\">\n\t\t\t\t<div class=\"elementor-widget-container\">\n\t\t\t\t\t\t\t<div class=\"elementor-cta\">\n\t\t\t\t\t<div class=\"elementor-cta__bg-wrapper\">\n\t\t\t\t<div class=\"elementor-cta__bg elementor-bg\" style=\"background-image: url(https:\/\/vogueestilistak.com\/wp-content\/uploads\/2024\/07\/piercing-studio-nose-piercing-for-girl-after-the-procedure-the-master-processes-septum-1024x682.jpg);\" role=\"img\" aria-label=\"Piercing studio nose piercing for girl after the procedure the master processes septum\"><\/div>\n\t\t\t\t<div class=\"elementor-cta__bg-overlay\"><\/div>\n\t\t\t<\/div>\n\t\t\t\t\t\t\t<div class=\"elementor-cta__content\">\n\t\t\t\t\n\t\t\t\t\t\t\t\t\t<h2 class=\"elementor-cta__title elementor-cta__content-item elementor-content-item\">\n\t\t\t\t\t\tZerbitzu gehigarriak \t\t\t\t\t<\/h2>\n\t\t\t\t\n\t\t\t\t\n\t\t\t\t\t\t\t<\/div>\n\t\t\t\t\t\t<\/div>\n\t\t\t\t\t\t<\/div>\n\t\t\t\t<\/div>\n\t\t\t\t<div class=\"elementor-element elementor-element-f3fdba8 elementor-align-center elementor-invisible elementor-widget elementor-widget-button\" data-id=\"f3fdba8\" data-element_type=\"widget\" data-e-type=\"widget\" data-settings=\"{&quot;_animation&quot;:&quot;fadeInLeft&quot;}\" data-widget_type=\"button.default\">\n\t\t\t\t<div class=\"elementor-widget-container\">\n\t\t\t\t\t\t\t\t\t<div class=\"elementor-button-wrapper\">\n\t\t\t\t\t<a class=\"elementor-button elementor-button-link elementor-size-sm elementor-animation-grow\" href=\"https:\/\/vogueestilistak.com\/eus\/servicios_adicionales\/\">\n\t\t\t\t\t\t<span class=\"elementor-button-content-wrapper\">\n\t\t\t\t\t\t\t\t\t<span class=\"elementor-button-text\">ver pagina<\/span>\n\t\t\t\t\t<\/span>\n\t\t\t\t\t<\/a>\n\t\t\t\t<\/div>\n\t\t\t\t\t\t\t\t<\/div>\n\t\t\t\t<\/div>\n\t\t\t\t<\/div>\n\t\t\t\t<\/div>\n\t\t\t\t<\/div>\n\t\t<div class=\"elementor-element elementor-element-54e8d668 e-flex e-con-boxed e-con e-parent\" data-id=\"54e8d668\" data-element_type=\"container\" data-e-type=\"container\">\n\t\t\t\t\t<div class=\"e-con-inner\">\n\t\t\t\t<div class=\"elementor-element elementor-element-4f7621cd elementor-widget elementor-widget-heading\" data-id=\"4f7621cd\" data-element_type=\"widget\" data-e-type=\"widget\" data-widget_type=\"heading.default\">\n\t\t\t\t<div class=\"elementor-widget-container\">\n\t\t\t\t\t<h2 class=\"elementor-heading-title elementor-size-default\">Publicaciones en redes sociales<\/h2>\t\t\t\t<\/div>\n\t\t\t\t<\/div>\n\t\t\t\t<div class=\"elementor-element elementor-element-632b4146 elementor-skin-coverflow elementor-widget elementor-widget-media-carousel\" data-id=\"632b4146\" data-element_type=\"widget\" data-e-type=\"widget\" data-settings=\"{&quot;slides_per_view&quot;:&quot;3&quot;,&quot;slides_to_scroll&quot;:&quot;1&quot;,&quot;space_between&quot;:{&quot;unit&quot;:&quot;px&quot;,&quot;size&quot;:50,&quot;sizes&quot;:[]},&quot;slides_per_view_tablet&quot;:&quot;3&quot;,&quot;slides_per_view_mobile&quot;:&quot;2&quot;,&quot;skin&quot;:&quot;coverflow&quot;,&quot;speed&quot;:500,&quot;autoplay&quot;:&quot;yes&quot;,&quot;autoplay_speed&quot;:5000,&quot;loop&quot;:&quot;yes&quot;,&quot;pause_on_hover&quot;:&quot;yes&quot;,&quot;pause_on_interaction&quot;:&quot;yes&quot;,&quot;space_between_tablet&quot;:{&quot;unit&quot;:&quot;px&quot;,&quot;size&quot;:10,&quot;sizes&quot;:[]},&quot;space_between_mobile&quot;:{&quot;unit&quot;:&quot;px&quot;,&quot;size&quot;:10,&quot;sizes&quot;:[]}}\" data-widget_type=\"media-carousel.default\">\n\t\t\t\t<div class=\"elementor-widget-container\">\n\t\t\t\t\t\t\t\t\t<div class=\"elementor-swiper\">\n\t\t\t\t\t<div class=\"elementor-main-swiper swiper\" role=\"region\" aria-roledescription=\"carousel\" aria-label=\"Diapositivas\">\n\t\t\t\t<div class=\"swiper-wrapper\">\n\t\t\t\t\t\t\t\t\t\t\t<div class=\"swiper-slide\" role=\"group\" aria-roledescription=\"slide\">\n\t\t\t\t\t\t\t\t\t<div class=\"elementor-carousel-image\" role=\"img\" aria-label=\"Captura desde 2024-07-01 17-52-43\" style=\"background-image: url(&#039;https:\/\/vogueestilistak.com\/wp-content\/uploads\/2024\/07\/Captura-desde-2024-07-01-17-52-43.png&#039;)\">\n\n\t\t\t\n\t\t\t\t\t<\/div>\n\t\t\t\t\t\t\t\t<\/div>\n\t\t\t\t\t\t\t\t\t\t\t<div class=\"swiper-slide\" role=\"group\" aria-roledescription=\"slide\">\n\t\t\t\t\t\t\t\t\t<div class=\"elementor-carousel-image\" role=\"img\" aria-label=\"Captura desde 2024-07-01 17-52-31\" style=\"background-image: url(&#039;https:\/\/vogueestilistak.com\/wp-content\/uploads\/2024\/07\/Captura-desde-2024-07-01-17-52-31.png&#039;)\">\n\n\t\t\t\n\t\t\t\t\t<\/div>\n\t\t\t\t\t\t\t\t<\/div>\n\t\t\t\t\t\t\t\t\t\t\t<div class=\"swiper-slide\" role=\"group\" aria-roledescription=\"slide\">\n\t\t\t\t\t\t\t\t\t<div class=\"elementor-carousel-image\" role=\"img\" aria-label=\"Captura desde 2024-07-01 17-39-42\" style=\"background-image: url(&#039;https:\/\/vogueestilistak.com\/wp-content\/uploads\/2024\/07\/Captura-desde-2024-07-01-17-39-42.png&#039;)\">\n\n\t\t\t\n\t\t\t\t\t<\/div>\n\t\t\t\t\t\t\t\t<\/div>\n\t\t\t\t\t\t\t\t\t\t\t<div class=\"swiper-slide\" role=\"group\" aria-roledescription=\"slide\">\n\t\t\t\t\t\t\t\t\t<div class=\"elementor-carousel-image\" role=\"img\" aria-label=\"Captura desde 2024-07-01 17-41-43\" style=\"background-image: url(&#039;https:\/\/vogueestilistak.com\/wp-content\/uploads\/2024\/07\/Captura-desde-2024-07-01-17-41-43.png&#039;)\">\n\n\t\t\t\n\t\t\t\t\t<\/div>\n\t\t\t\t\t\t\t\t<\/div>\n\t\t\t\t\t\t\t\t\t\t\t<div class=\"swiper-slide\" role=\"group\" aria-roledescription=\"slide\">\n\t\t\t\t\t\t\t\t\t<div class=\"elementor-carousel-image\" role=\"img\" aria-label=\"Captura desde 2024-07-01 17-50-01\" style=\"background-image: url(&#039;https:\/\/vogueestilistak.com\/wp-content\/uploads\/2024\/07\/Captura-desde-2024-07-01-17-50-01.png&#039;)\">\n\n\t\t\t\n\t\t\t\t\t<\/div>\n\t\t\t\t\t\t\t\t<\/div>\n\t\t\t\t\t\t\t\t\t\t\t<div class=\"swiper-slide\" role=\"group\" aria-roledescription=\"slide\">\n\t\t\t\t\t\t\t\t\t<div class=\"elementor-carousel-image\" role=\"img\" aria-label=\"Captura desde 2024-07-01 17-52-17\" style=\"background-image: url(&#039;https:\/\/vogueestilistak.com\/wp-content\/uploads\/2024\/07\/Captura-desde-2024-07-01-17-52-17.png&#039;)\">\n\n\t\t\t\n\t\t\t\t\t<\/div>\n\t\t\t\t\t\t\t\t<\/div>\n\t\t\t\t\t\t\t\t\t\t\t<div class=\"swiper-slide\" role=\"group\" aria-roledescription=\"slide\">\n\t\t\t\t\t\t\t\t\t<div class=\"elementor-carousel-image\" role=\"img\" aria-label=\"Captura desde 2024-07-01 17-21-44\" style=\"background-image: url(&#039;https:\/\/vogueestilistak.com\/wp-content\/uploads\/2024\/07\/Captura-desde-2024-07-01-17-21-44.png&#039;)\">\n\n\t\t\t\n\t\t\t\t\t<\/div>\n\t\t\t\t\t\t\t\t<\/div>\n\t\t\t\t\t\t\t\t\t\t\t<div class=\"swiper-slide\" role=\"group\" aria-roledescription=\"slide\">\n\t\t\t\t\t\t\t\t\t<div class=\"elementor-carousel-image\" role=\"img\" aria-label=\"Captura desde 2024-07-01 16-08-23\" style=\"background-image: url(&#039;https:\/\/vogueestilistak.com\/wp-content\/uploads\/2024\/07\/Captura-desde-2024-07-01-16-08-23.png&#039;)\">\n\n\t\t\t\n\t\t\t\t\t<\/div>\n\t\t\t\t\t\t\t\t<\/div>\n\t\t\t\t\t\t\t\t\t\t\t<div class=\"swiper-slide\" role=\"group\" aria-roledescription=\"slide\">\n\t\t\t\t\t\t\t\t\t<div class=\"elementor-carousel-image\" role=\"img\" aria-label=\"Captura desde 2024-07-01 16-04-41\" style=\"background-image: url(&#039;https:\/\/vogueestilistak.com\/wp-content\/uploads\/2024\/07\/Captura-desde-2024-07-01-16-04-41.png&#039;)\">\n\n\t\t\t\n\t\t\t\t\t<\/div>\n\t\t\t\t\t\t\t\t<\/div>\n\t\t\t\t\t\t\t\t\t\t\t<div class=\"swiper-slide\" role=\"group\" aria-roledescription=\"slide\">\n\t\t\t\t\t\t\t\t\t<div class=\"elementor-carousel-image\" role=\"img\" aria-label=\"Captura desde 2024-07-01 16-10-02\" style=\"background-image: url(&#039;https:\/\/vogueestilistak.com\/wp-content\/uploads\/2024\/07\/Captura-desde-2024-07-01-16-10-02.png&#039;)\">\n\n\t\t\t\n\t\t\t\t\t<\/div>\n\t\t\t\t\t\t\t\t<\/div>\n\t\t\t\t\t\t\t\t\t\t\t<div class=\"swiper-slide\" role=\"group\" aria-roledescription=\"slide\">\n\t\t\t\t\t\t\t\t\t<div class=\"elementor-carousel-image\" role=\"img\" aria-label=\"Captura desde 2024-07-01 16-07-02\" style=\"background-image: url(&#039;https:\/\/vogueestilistak.com\/wp-content\/uploads\/2024\/07\/Captura-desde-2024-07-01-16-07-02.png&#039;)\">\n\n\t\t\t\n\t\t\t\t\t<\/div>\n\t\t\t\t\t\t\t\t<\/div>\n\t\t\t\t\t\t\t\t\t\t\t<div class=\"swiper-slide\" role=\"group\" aria-roledescription=\"slide\">\n\t\t\t\t\t\t\t\t\t<div class=\"elementor-carousel-image\" role=\"img\" aria-label=\"Captura desde 2024-07-01 16-05-21\" style=\"background-image: url(&#039;https:\/\/vogueestilistak.com\/wp-content\/uploads\/2024\/07\/Captura-desde-2024-07-01-16-05-21.png&#039;)\">\n\n\t\t\t\n\t\t\t\t\t<\/div>\n\t\t\t\t\t\t\t\t<\/div>\n\t\t\t\t\t\t\t\t\t<\/div>\n\t\t\t\t\t\t\t\t\t\t\t\t\t\t\t\t\t\t\t\t\t<\/div>\n\t\t\t\t<\/div>\n\t\t\t\t\t\t\t\t<\/div>\n\t\t\t\t<\/div>\n\t\t\t\t\t<\/div>\n\t\t\t\t<\/div>\n\t\t<div class=\"elementor-element elementor-element-f62ecc3 e-con-full e-flex e-con e-parent\" data-id=\"f62ecc3\" data-element_type=\"container\" data-e-type=\"container\" data-settings=\"{&quot;background_background&quot;:&quot;classic&quot;}\">\n\t\t\t\t<div class=\"elementor-element elementor-element-03bf35a elementor-widget elementor-widget-heading\" data-id=\"03bf35a\" data-element_type=\"widget\" data-e-type=\"widget\" data-widget_type=\"heading.default\">\n\t\t\t\t<div class=\"elementor-widget-container\">\n\t\t\t\t\t<h2 class=\"elementor-heading-title elementor-size-default\">\"Potencia Tu Encanto y Transforma Tu Estilo\"<\/h2>\t\t\t\t<\/div>\n\t\t\t\t<\/div>\n\t\t\t\t<\/div>\n\t\t\t\t<\/div>","protected":false},"excerpt":{"rendered":"<p>Nuestro servicios Ofrecemos tratamientos capilares y est\u00e9ticos, piercings, productos veganos, art\u00edculos \u00abghd elite\u00bb, bonos regalo y servicio a domicilio en un entorno acogedor y profesional con m\u00e1s de 8 a\u00f1os de experiencia. Llamanos Aharo Tratamientos Capilares ver pagina Tratamientos Est\u00e9ticos ver pagina Servicios Adicionales ver pagina Publicaciones en redes sociales \u00abPotencia Tu Encanto y Transforma [&hellip;]<\/p>\n","protected":false},"author":1,"featured_media":0,"parent":0,"menu_order":0,"comment_status":"closed","ping_status":"closed","template":"elementor_canvas","meta":{"footnotes":""},"class_list":["post-17","page","type-page","status-publish","hentry"],"yoast_head":"<!-- This site is optimized with the Yoast SEO plugin v27.3 - https:\/\/yoast.com\/product\/yoast-seo-wordpress\/ -->\n<title>Servicios - Vogue estilistak<\/title>\n<meta name=\"robots\" content=\"index, follow, max-snippet:-1, max-image-preview:large, max-video-preview:-1\" \/>\n<link rel=\"canonical\" href=\"https:\/\/vogueestilistak.com\/eus\/servicios\/\" \/>\n<meta property=\"og:locale\" content=\"en_US\" \/>\n<meta property=\"og:type\" content=\"article\" \/>\n<meta property=\"og:title\" content=\"Servicios - Vogue estilistak\" \/>\n<meta property=\"og:description\" content=\"Nuestro servicios Ofrecemos tratamientos capilares y est\u00e9ticos, piercings, productos veganos, art\u00edculos \u00abghd elite\u00bb, bonos regalo y servicio a domicilio en un entorno acogedor y profesional con m\u00e1s de 8 a\u00f1os de experiencia. Llamanos Aharo Tratamientos Capilares ver pagina Tratamientos Est\u00e9ticos ver pagina Servicios Adicionales ver pagina Publicaciones en redes sociales \u00abPotencia Tu Encanto y Transforma [&hellip;]\" \/>\n<meta property=\"og:url\" content=\"https:\/\/vogueestilistak.com\/eus\/servicios\/\" \/>\n<meta property=\"og:site_name\" content=\"Vogue estilistak\" \/>\n<meta property=\"article:modified_time\" content=\"2024-07-04T09:49:15+00:00\" \/>\n<meta name=\"twitter:card\" content=\"summary_large_image\" \/>\n<meta name=\"twitter:label1\" content=\"Est. reading time\" \/>\n\t<meta name=\"twitter:data1\" content=\"1 minutua\" \/>\n<script type=\"application\/ld+json\" class=\"yoast-schema-graph\">{\"@context\":\"https:\\\/\\\/schema.org\",\"@graph\":[{\"@type\":\"WebPage\",\"@id\":\"https:\\\/\\\/vogueestilistak.com\\\/servicios\\\/\",\"url\":\"https:\\\/\\\/vogueestilistak.com\\\/servicios\\\/\",\"name\":\"Servicios - Vogue estilistak\",\"isPartOf\":{\"@id\":\"https:\\\/\\\/vogueestilistak.com\\\/#website\"},\"datePublished\":\"2024-07-01T09:14:06+00:00\",\"dateModified\":\"2024-07-04T09:49:15+00:00\",\"breadcrumb\":{\"@id\":\"https:\\\/\\\/vogueestilistak.com\\\/servicios\\\/#breadcrumb\"},\"inLanguage\":\"eu\",\"potentialAction\":[{\"@type\":\"ReadAction\",\"target\":[\"https:\\\/\\\/vogueestilistak.com\\\/servicios\\\/\"]}]},{\"@type\":\"BreadcrumbList\",\"@id\":\"https:\\\/\\\/vogueestilistak.com\\\/servicios\\\/#breadcrumb\",\"itemListElement\":[{\"@type\":\"ListItem\",\"position\":1,\"name\":\"Portada\",\"item\":\"https:\\\/\\\/vogueestilistak.com\\\/\"},{\"@type\":\"ListItem\",\"position\":2,\"name\":\"Servicios\"}]},{\"@type\":\"WebSite\",\"@id\":\"https:\\\/\\\/vogueestilistak.com\\\/#website\",\"url\":\"https:\\\/\\\/vogueestilistak.com\\\/\",\"name\":\"Vogue estilistak\",\"description\":\"\",\"publisher\":{\"@id\":\"https:\\\/\\\/vogueestilistak.com\\\/#organization\"},\"potentialAction\":[{\"@type\":\"SearchAction\",\"target\":{\"@type\":\"EntryPoint\",\"urlTemplate\":\"https:\\\/\\\/vogueestilistak.com\\\/?s={search_term_string}\"},\"query-input\":{\"@type\":\"PropertyValueSpecification\",\"valueRequired\":true,\"valueName\":\"search_term_string\"}}],\"inLanguage\":\"eu\"},{\"@type\":\"Organization\",\"@id\":\"https:\\\/\\\/vogueestilistak.com\\\/#organization\",\"name\":\"Vogue estilistak\",\"url\":\"https:\\\/\\\/vogueestilistak.com\\\/\",\"logo\":{\"@type\":\"ImageObject\",\"inLanguage\":\"eu\",\"@id\":\"https:\\\/\\\/vogueestilistak.com\\\/#\\\/schema\\\/logo\\\/image\\\/\",\"url\":\"https:\\\/\\\/vogueestilistak.com\\\/wp-content\\\/uploads\\\/2024\\\/07\\\/cropped-Logo-Vogue_Mesa-de-trabajo-1.png\",\"contentUrl\":\"https:\\\/\\\/vogueestilistak.com\\\/wp-content\\\/uploads\\\/2024\\\/07\\\/cropped-Logo-Vogue_Mesa-de-trabajo-1.png\",\"width\":1919,\"height\":958,\"caption\":\"Vogue estilistak\"},\"image\":{\"@id\":\"https:\\\/\\\/vogueestilistak.com\\\/#\\\/schema\\\/logo\\\/image\\\/\"}}]}<\/script>\n<!-- \/ Yoast SEO plugin. -->","yoast_head_json":{"title":"Servicios - Vogue estilistak","robots":{"index":"index","follow":"follow","max-snippet":"max-snippet:-1","max-image-preview":"max-image-preview:large","max-video-preview":"max-video-preview:-1"},"canonical":"https:\/\/vogueestilistak.com\/eus\/servicios\/","og_locale":"en_US","og_type":"article","og_title":"Servicios - Vogue estilistak","og_description":"Nuestro servicios Ofrecemos tratamientos capilares y est\u00e9ticos, piercings, productos veganos, art\u00edculos \u00abghd elite\u00bb, bonos regalo y servicio a domicilio en un entorno acogedor y profesional con m\u00e1s de 8 a\u00f1os de experiencia. Llamanos Aharo Tratamientos Capilares ver pagina Tratamientos Est\u00e9ticos ver pagina Servicios Adicionales ver pagina Publicaciones en redes sociales \u00abPotencia Tu Encanto y Transforma [&hellip;]","og_url":"https:\/\/vogueestilistak.com\/eus\/servicios\/","og_site_name":"Vogue estilistak","article_modified_time":"2024-07-04T09:49:15+00:00","twitter_card":"summary_large_image","twitter_misc":{"Est. reading time":"1 minutua"},"schema":{"@context":"https:\/\/schema.org","@graph":[{"@type":"WebPage","@id":"https:\/\/vogueestilistak.com\/servicios\/","url":"https:\/\/vogueestilistak.com\/servicios\/","name":"Servicios - Vogue estilistak","isPartOf":{"@id":"https:\/\/vogueestilistak.com\/#website"},"datePublished":"2024-07-01T09:14:06+00:00","dateModified":"2024-07-04T09:49:15+00:00","breadcrumb":{"@id":"https:\/\/vogueestilistak.com\/servicios\/#breadcrumb"},"inLanguage":"eu","potentialAction":[{"@type":"ReadAction","target":["https:\/\/vogueestilistak.com\/servicios\/"]}]},{"@type":"BreadcrumbList","@id":"https:\/\/vogueestilistak.com\/servicios\/#breadcrumb","itemListElement":[{"@type":"ListItem","position":1,"name":"Portada","item":"https:\/\/vogueestilistak.com\/"},{"@type":"ListItem","position":2,"name":"Servicios"}]},{"@type":"WebSite","@id":"https:\/\/vogueestilistak.com\/#website","url":"https:\/\/vogueestilistak.com\/","name":"Vogue estilistak","description":"","publisher":{"@id":"https:\/\/vogueestilistak.com\/#organization"},"potentialAction":[{"@type":"SearchAction","target":{"@type":"EntryPoint","urlTemplate":"https:\/\/vogueestilistak.com\/?s={search_term_string}"},"query-input":{"@type":"PropertyValueSpecification","valueRequired":true,"valueName":"search_term_string"}}],"inLanguage":"eu"},{"@type":"Organization","@id":"https:\/\/vogueestilistak.com\/#organization","name":"Vogue estilistak","url":"https:\/\/vogueestilistak.com\/","logo":{"@type":"ImageObject","inLanguage":"eu","@id":"https:\/\/vogueestilistak.com\/#\/schema\/logo\/image\/","url":"https:\/\/vogueestilistak.com\/wp-content\/uploads\/2024\/07\/cropped-Logo-Vogue_Mesa-de-trabajo-1.png","contentUrl":"https:\/\/vogueestilistak.com\/wp-content\/uploads\/2024\/07\/cropped-Logo-Vogue_Mesa-de-trabajo-1.png","width":1919,"height":958,"caption":"Vogue estilistak"},"image":{"@id":"https:\/\/vogueestilistak.com\/#\/schema\/logo\/image\/"}}]}},"_links":{"self":[{"href":"https:\/\/vogueestilistak.com\/eus\/wp-json\/wp\/v2\/pages\/17","targetHints":{"allow":["GET"]}}],"collection":[{"href":"https:\/\/vogueestilistak.com\/eus\/wp-json\/wp\/v2\/pages"}],"about":[{"href":"https:\/\/vogueestilistak.com\/eus\/wp-json\/wp\/v2\/types\/page"}],"author":[{"embeddable":true,"href":"https:\/\/vogueestilistak.com\/eus\/wp-json\/wp\/v2\/users\/1"}],"replies":[{"embeddable":true,"href":"https:\/\/vogueestilistak.com\/eus\/wp-json\/wp\/v2\/comments?post=17"}],"version-history":[{"count":244,"href":"https:\/\/vogueestilistak.com\/eus\/wp-json\/wp\/v2\/pages\/17\/revisions"}],"predecessor-version":[{"id":2816,"href":"https:\/\/vogueestilistak.com\/eus\/wp-json\/wp\/v2\/pages\/17\/revisions\/2816"}],"wp:attachment":[{"href":"https:\/\/vogueestilistak.com\/eus\/wp-json\/wp\/v2\/media?parent=17"}],"curies":[{"name":"wp","href":"https:\/\/api.w.org\/{rel}","templated":true}]}}