{"id":1373,"date":"2024-07-02T15:55:12","date_gmt":"2024-07-02T15:55:12","guid":{"rendered":"https:\/\/vogueestilistak.rkinformatika.online\/?page_id=1373"},"modified":"2024-07-04T09:51:05","modified_gmt":"2024-07-04T09:51:05","slug":"servicios_adicionales","status":"publish","type":"page","link":"https:\/\/vogueestilistak.com\/eus\/servicios_adicionales\/","title":{"rendered":"Zerbitzu gehigarriak"},"content":{"rendered":"<div data-elementor-type=\"wp-page\" data-elementor-id=\"1373\" class=\"elementor elementor-1373\" data-elementor-post-type=\"page\">\n\t\t\t\t<div class=\"elementor-element elementor-element-94a316e e-con-full e-flex e-con e-parent\" data-id=\"94a316e\" data-element_type=\"container\" data-e-type=\"container\" data-settings=\"{&quot;background_background&quot;:&quot;classic&quot;}\">\n\t\t<div class=\"elementor-element elementor-element-41d3c36 e-flex e-con-boxed e-con e-child\" data-id=\"41d3c36\" data-element_type=\"container\" data-e-type=\"container\">\n\t\t\t\t\t<div class=\"e-con-inner\">\n\t\t\t\t<div class=\"elementor-element elementor-element-f4e14a4 elementor-invisible elementor-widget elementor-widget-heading\" data-id=\"f4e14a4\" data-element_type=\"widget\" data-e-type=\"widget\" data-settings=\"{&quot;_animation&quot;:&quot;fadeInRight&quot;}\" data-widget_type=\"heading.default\">\n\t\t\t\t<div class=\"elementor-widget-container\">\n\t\t\t\t\t<h2 class=\"elementor-heading-title elementor-size-default\">Zerbitzu gehigarriak\n<\/h2>\t\t\t\t<\/div>\n\t\t\t\t<\/div>\n\t\t\t\t\t<\/div>\n\t\t\t\t<\/div>\n\t\t\t\t<\/div>\n\t\t<div class=\"elementor-element elementor-element-c777b57 e-con-full e-flex e-con e-parent\" data-id=\"c777b57\" data-element_type=\"container\" data-e-type=\"container\" data-settings=\"{&quot;background_background&quot;:&quot;classic&quot;}\">\n\t\t<div class=\"elementor-element elementor-element-73b1bf55 e-con-full e-flex e-con e-child\" data-id=\"73b1bf55\" data-element_type=\"container\" data-e-type=\"container\">\n\t\t<div class=\"elementor-element elementor-element-843aad1 e-con-full e-flex elementor-invisible e-con e-child\" data-id=\"843aad1\" data-element_type=\"container\" data-e-type=\"container\" data-settings=\"{&quot;animation&quot;:&quot;fadeInRight&quot;}\">\n\t\t\t\t<div class=\"elementor-element elementor-element-2830213d elementor-widget elementor-widget-heading\" data-id=\"2830213d\" data-element_type=\"widget\" data-e-type=\"widget\" data-widget_type=\"heading.default\">\n\t\t\t\t<div class=\"elementor-widget-container\">\n\t\t\t\t\t<h3 class=\"elementor-heading-title elementor-size-default\">Realizaci\u00f3n de piercing (nariz y orejas)<\/h3>\t\t\t\t<\/div>\n\t\t\t\t<\/div>\n\t\t\t\t<\/div>\n\t\t<div class=\"elementor-element elementor-element-40d15ce e-con-full e-flex elementor-invisible e-con e-child\" data-id=\"40d15ce\" data-element_type=\"container\" data-e-type=\"container\" data-settings=\"{&quot;background_background&quot;:&quot;classic&quot;,&quot;animation&quot;:&quot;fadeInLeft&quot;}\">\n\t\t\t\t<\/div>\n\t\t\t\t<\/div>\n\t\t<div class=\"elementor-element elementor-element-26104987 e-con-full e-flex e-con e-child\" data-id=\"26104987\" data-element_type=\"container\" data-e-type=\"container\">\n\t\t<div class=\"elementor-element elementor-element-4096c44c e-con-full e-flex elementor-invisible e-con e-child\" data-id=\"4096c44c\" data-element_type=\"container\" data-e-type=\"container\" data-settings=\"{&quot;background_background&quot;:&quot;classic&quot;,&quot;animation&quot;:&quot;fadeInLeft&quot;}\">\n\t\t\t\t<\/div>\n\t\t<div class=\"elementor-element elementor-element-39dd7d05 e-con-full e-flex elementor-invisible e-con e-child\" data-id=\"39dd7d05\" data-element_type=\"container\" data-e-type=\"container\" data-settings=\"{&quot;animation&quot;:&quot;fadeInRight&quot;}\">\n\t\t\t\t<div class=\"elementor-element elementor-element-7a1e5205 elementor-widget elementor-widget-heading\" data-id=\"7a1e5205\" data-element_type=\"widget\" data-e-type=\"widget\" data-widget_type=\"heading.default\">\n\t\t\t\t<div class=\"elementor-widget-container\">\n\t\t\t\t\t<h3 class=\"elementor-heading-title elementor-size-default\">Venta de cosm\u00e9ticos y productos capilares veganos<\/h3>\t\t\t\t<\/div>\n\t\t\t\t<\/div>\n\t\t\t\t<\/div>\n\t\t\t\t<\/div>\n\t\t\t\t<\/div>\n\t\t<div class=\"elementor-element elementor-element-9eebbc2 e-con-full e-flex e-con e-parent\" data-id=\"9eebbc2\" data-element_type=\"container\" data-e-type=\"container\" data-settings=\"{&quot;background_background&quot;:&quot;classic&quot;}\">\n\t\t<div class=\"elementor-element elementor-element-f18c14b e-con-full e-flex e-con e-child\" data-id=\"f18c14b\" data-element_type=\"container\" data-e-type=\"container\">\n\t\t<div class=\"elementor-element elementor-element-b39fe3b e-con-full e-flex elementor-invisible e-con e-child\" data-id=\"b39fe3b\" data-element_type=\"container\" data-e-type=\"container\" data-settings=\"{&quot;animation&quot;:&quot;fadeInRight&quot;}\">\n\t\t\t\t<div class=\"elementor-element elementor-element-f8ca2f7 elementor-widget elementor-widget-heading\" data-id=\"f8ca2f7\" data-element_type=\"widget\" data-e-type=\"widget\" data-widget_type=\"heading.default\">\n\t\t\t\t<div class=\"elementor-widget-container\">\n\t\t\t\t\t<h3 class=\"elementor-heading-title elementor-size-default\">\nVenta de bisuter\u00eda y complementos<\/h3>\t\t\t\t<\/div>\n\t\t\t\t<\/div>\n\t\t\t\t<\/div>\n\t\t<div class=\"elementor-element elementor-element-f9353f6 e-con-full e-flex elementor-invisible e-con e-child\" data-id=\"f9353f6\" data-element_type=\"container\" data-e-type=\"container\" data-settings=\"{&quot;background_background&quot;:&quot;classic&quot;,&quot;animation&quot;:&quot;fadeInLeft&quot;}\">\n\t\t\t\t<\/div>\n\t\t\t\t<\/div>\n\t\t<div class=\"elementor-element elementor-element-3d50ec7 e-con-full e-flex e-con e-child\" data-id=\"3d50ec7\" data-element_type=\"container\" data-e-type=\"container\">\n\t\t<div class=\"elementor-element elementor-element-db70ce3 e-con-full e-flex elementor-invisible e-con e-child\" data-id=\"db70ce3\" data-element_type=\"container\" data-e-type=\"container\" data-settings=\"{&quot;background_background&quot;:&quot;classic&quot;,&quot;animation&quot;:&quot;fadeInLeft&quot;}\">\n\t\t\t\t<\/div>\n\t\t<div class=\"elementor-element elementor-element-5edad37 e-con-full e-flex elementor-invisible e-con e-child\" data-id=\"5edad37\" data-element_type=\"container\" data-e-type=\"container\" data-settings=\"{&quot;animation&quot;:&quot;fadeInRight&quot;}\">\n\t\t\t\t<div class=\"elementor-element elementor-element-5be11bb elementor-widget elementor-widget-heading\" data-id=\"5be11bb\" data-element_type=\"widget\" data-e-type=\"widget\" data-widget_type=\"heading.default\">\n\t\t\t\t<div class=\"elementor-widget-container\">\n\t\t\t\t\t<h3 class=\"elementor-heading-title elementor-size-default\">Bonos regalo de todos nuestros servicios<\/h3>\t\t\t\t<\/div>\n\t\t\t\t<\/div>\n\t\t\t\t<\/div>\n\t\t\t\t<\/div>\n\t\t\t\t<\/div>\n\t\t<div class=\"elementor-element elementor-element-89ca5b3 e-con-full e-flex e-con e-parent\" data-id=\"89ca5b3\" data-element_type=\"container\" data-e-type=\"container\" data-settings=\"{&quot;background_background&quot;:&quot;classic&quot;}\">\n\t\t<div class=\"elementor-element elementor-element-7667822 e-con-full e-flex e-con e-child\" data-id=\"7667822\" data-element_type=\"container\" data-e-type=\"container\">\n\t\t<div class=\"elementor-element elementor-element-0fb779e e-con-full e-flex elementor-invisible e-con e-child\" data-id=\"0fb779e\" data-element_type=\"container\" data-e-type=\"container\" data-settings=\"{&quot;animation&quot;:&quot;fadeInRight&quot;}\">\n\t\t\t\t<div class=\"elementor-element elementor-element-ec591d2 elementor-widget elementor-widget-heading\" data-id=\"ec591d2\" data-element_type=\"widget\" data-e-type=\"widget\" data-widget_type=\"heading.default\">\n\t\t\t\t<div class=\"elementor-widget-container\">\n\t\t\t\t\t<h3 class=\"elementor-heading-title elementor-size-default\">Sal\u00f3n adaptado para personas con movilidad reducida<\/h3>\t\t\t\t<\/div>\n\t\t\t\t<\/div>\n\t\t\t\t<\/div>\n\t\t<div class=\"elementor-element elementor-element-cc36725 e-con-full e-flex elementor-invisible e-con e-child\" data-id=\"cc36725\" data-element_type=\"container\" data-e-type=\"container\" data-settings=\"{&quot;background_background&quot;:&quot;classic&quot;,&quot;animation&quot;:&quot;fadeInLeft&quot;}\">\n\t\t\t\t<\/div>\n\t\t\t\t<\/div>\n\t\t\t\t<\/div>\n\t\t<div class=\"elementor-element elementor-element-1ed4fe6 e-flex e-con-boxed e-con e-parent\" data-id=\"1ed4fe6\" data-element_type=\"container\" data-e-type=\"container\" data-settings=\"{&quot;background_background&quot;:&quot;classic&quot;}\">\n\t\t\t\t\t<div class=\"e-con-inner\">\n\t\t<div class=\"elementor-element elementor-element-a66b7db e-con-full e-flex e-con e-child\" data-id=\"a66b7db\" data-element_type=\"container\" data-e-type=\"container\" data-settings=\"{&quot;background_background&quot;:&quot;classic&quot;}\">\n\t\t\t\t<div class=\"elementor-element elementor-element-7e58478 elementor-align-center elementor-button-success elementor-widget elementor-widget-button\" data-id=\"7e58478\" data-element_type=\"widget\" data-e-type=\"widget\" data-settings=\"{&quot;_animation&quot;:&quot;none&quot;}\" data-widget_type=\"button.default\">\n\t\t\t\t<div class=\"elementor-widget-container\">\n\t\t\t\t\t\t\t\t\t<div class=\"elementor-button-wrapper\">\n\t\t\t\t\t<a class=\"elementor-button elementor-button-link elementor-size-sm\" href=\"tel:%20+34%20680%20115%20519\">\n\t\t\t\t\t\t<span class=\"elementor-button-content-wrapper\">\n\t\t\t\t\t\t<span class=\"elementor-button-icon\">\n\t\t\t\t<svg aria-hidden=\"true\" class=\"e-font-icon-svg e-fas-phone-alt\" viewbox=\"0 0 512 512\" xmlns=\"http:\/\/www.w3.org\/2000\/svg\"><path d=\"M497.39 361.8l-112-48a24 24 0 0 0-28 6.9l-49.6 60.6A370.66 370.66 0 0 1 130.6 204.11l60.6-49.6a23.94 23.94 0 0 0 6.9-28l-48-112A24.16 24.16 0 0 0 122.6.61l-104 24A24 24 0 0 0 0 48c0 256.5 207.9 464 464 464a24 24 0 0 0 23.4-18.6l24-104a24.29 24.29 0 0 0-14.01-27.6z\"><\/path><\/svg>\t\t\t<\/span>\n\t\t\t\t\t\t\t\t<\/span>\n\t\t\t\t\t<\/a>\n\t\t\t\t<\/div>\n\t\t\t\t\t\t\t\t<\/div>\n\t\t\t\t<\/div>\n\t\t\t\t<\/div>\n\t\t<div class=\"elementor-element elementor-element-5ef4930 e-con-full e-flex e-con e-child\" data-id=\"5ef4930\" data-element_type=\"container\" data-e-type=\"container\" data-settings=\"{&quot;background_background&quot;:&quot;classic&quot;}\">\n\t\t\t\t<div class=\"elementor-element elementor-element-ca58fbd elementor-align-justify elementor-tablet-align-center elementor-widget elementor-widget-button\" data-id=\"ca58fbd\" data-element_type=\"widget\" data-e-type=\"widget\" data-settings=\"{&quot;_animation&quot;:&quot;none&quot;}\" data-widget_type=\"button.default\">\n\t\t\t\t<div class=\"elementor-widget-container\">\n\t\t\t\t\t\t\t\t\t<div class=\"elementor-button-wrapper\">\n\t\t\t\t\t<a class=\"elementor-button elementor-size-sm\" role=\"button\">\n\t\t\t\t\t\t<span class=\"elementor-button-content-wrapper\">\n\t\t\t\t\t\t\t\t\t<span class=\"elementor-button-text\">Servicio a domicilio<\/span>\n\t\t\t\t\t<\/span>\n\t\t\t\t\t<\/a>\n\t\t\t\t<\/div>\n\t\t\t\t\t\t\t\t<\/div>\n\t\t\t\t<\/div>\n\t\t\t\t<\/div>\n\t\t\t\t\t<\/div>\n\t\t\t\t<\/div>\n\t\t\t\t<\/div>","protected":false},"excerpt":{"rendered":"<p>Servicios Adicionales Realizaci\u00f3n de piercing (nariz y orejas) Venta de cosm\u00e9ticos y productos capilares veganos Venta de bisuter\u00eda y complementos Bonos regalo de todos nuestros servicios Sal\u00f3n adaptado para personas con movilidad reducida Servicio a domicilio<\/p>","protected":false},"author":1,"featured_media":0,"parent":0,"menu_order":0,"comment_status":"closed","ping_status":"closed","template":"elementor_canvas","meta":{"footnotes":""},"class_list":["post-1373","page","type-page","status-publish","hentry"],"yoast_head":"<!-- This site is optimized with the Yoast SEO plugin v27.3 - https:\/\/yoast.com\/product\/yoast-seo-wordpress\/ -->\n<title>Servicios Adicionales - Vogue estilistak<\/title>\n<meta name=\"robots\" content=\"index, follow, max-snippet:-1, max-image-preview:large, max-video-preview:-1\" \/>\n<link rel=\"canonical\" href=\"https:\/\/vogueestilistak.com\/eus\/servicios_adicionales\/\" \/>\n<meta property=\"og:locale\" content=\"en_US\" \/>\n<meta property=\"og:type\" content=\"article\" \/>\n<meta property=\"og:title\" content=\"Servicios Adicionales - Vogue estilistak\" \/>\n<meta property=\"og:description\" content=\"Servicios Adicionales Realizaci\u00f3n de piercing (nariz y orejas) Venta de cosm\u00e9ticos y productos capilares veganos Venta de bisuter\u00eda y complementos Bonos regalo de todos nuestros servicios Sal\u00f3n adaptado para personas con movilidad reducida Servicio a domicilio\" \/>\n<meta property=\"og:url\" content=\"https:\/\/vogueestilistak.com\/eus\/servicios_adicionales\/\" \/>\n<meta property=\"og:site_name\" content=\"Vogue estilistak\" \/>\n<meta property=\"article:modified_time\" content=\"2024-07-04T09:51:05+00:00\" \/>\n<meta name=\"twitter:card\" content=\"summary_large_image\" \/>\n<meta name=\"twitter:label1\" content=\"Est. reading time\" \/>\n\t<meta name=\"twitter:data1\" content=\"1 minutua\" \/>\n<script type=\"application\/ld+json\" class=\"yoast-schema-graph\">{\"@context\":\"https:\\\/\\\/schema.org\",\"@graph\":[{\"@type\":\"WebPage\",\"@id\":\"https:\\\/\\\/vogueestilistak.com\\\/servicios_adicionales\\\/\",\"url\":\"https:\\\/\\\/vogueestilistak.com\\\/servicios_adicionales\\\/\",\"name\":\"Servicios Adicionales - Vogue estilistak\",\"isPartOf\":{\"@id\":\"https:\\\/\\\/vogueestilistak.com\\\/#website\"},\"datePublished\":\"2024-07-02T15:55:12+00:00\",\"dateModified\":\"2024-07-04T09:51:05+00:00\",\"breadcrumb\":{\"@id\":\"https:\\\/\\\/vogueestilistak.com\\\/servicios_adicionales\\\/#breadcrumb\"},\"inLanguage\":\"eu\",\"potentialAction\":[{\"@type\":\"ReadAction\",\"target\":[\"https:\\\/\\\/vogueestilistak.com\\\/servicios_adicionales\\\/\"]}]},{\"@type\":\"BreadcrumbList\",\"@id\":\"https:\\\/\\\/vogueestilistak.com\\\/servicios_adicionales\\\/#breadcrumb\",\"itemListElement\":[{\"@type\":\"ListItem\",\"position\":1,\"name\":\"Portada\",\"item\":\"https:\\\/\\\/vogueestilistak.com\\\/\"},{\"@type\":\"ListItem\",\"position\":2,\"name\":\"Servicios Adicionales\"}]},{\"@type\":\"WebSite\",\"@id\":\"https:\\\/\\\/vogueestilistak.com\\\/#website\",\"url\":\"https:\\\/\\\/vogueestilistak.com\\\/\",\"name\":\"Vogue estilistak\",\"description\":\"\",\"publisher\":{\"@id\":\"https:\\\/\\\/vogueestilistak.com\\\/#organization\"},\"potentialAction\":[{\"@type\":\"SearchAction\",\"target\":{\"@type\":\"EntryPoint\",\"urlTemplate\":\"https:\\\/\\\/vogueestilistak.com\\\/?s={search_term_string}\"},\"query-input\":{\"@type\":\"PropertyValueSpecification\",\"valueRequired\":true,\"valueName\":\"search_term_string\"}}],\"inLanguage\":\"eu\"},{\"@type\":\"Organization\",\"@id\":\"https:\\\/\\\/vogueestilistak.com\\\/#organization\",\"name\":\"Vogue estilistak\",\"url\":\"https:\\\/\\\/vogueestilistak.com\\\/\",\"logo\":{\"@type\":\"ImageObject\",\"inLanguage\":\"eu\",\"@id\":\"https:\\\/\\\/vogueestilistak.com\\\/#\\\/schema\\\/logo\\\/image\\\/\",\"url\":\"https:\\\/\\\/vogueestilistak.com\\\/wp-content\\\/uploads\\\/2024\\\/07\\\/cropped-Logo-Vogue_Mesa-de-trabajo-1.png\",\"contentUrl\":\"https:\\\/\\\/vogueestilistak.com\\\/wp-content\\\/uploads\\\/2024\\\/07\\\/cropped-Logo-Vogue_Mesa-de-trabajo-1.png\",\"width\":1919,\"height\":958,\"caption\":\"Vogue estilistak\"},\"image\":{\"@id\":\"https:\\\/\\\/vogueestilistak.com\\\/#\\\/schema\\\/logo\\\/image\\\/\"}}]}<\/script>\n<!-- \/ Yoast SEO plugin. -->","yoast_head_json":{"title":"Servicios Adicionales - Vogue estilistak","robots":{"index":"index","follow":"follow","max-snippet":"max-snippet:-1","max-image-preview":"max-image-preview:large","max-video-preview":"max-video-preview:-1"},"canonical":"https:\/\/vogueestilistak.com\/eus\/servicios_adicionales\/","og_locale":"en_US","og_type":"article","og_title":"Servicios Adicionales - Vogue estilistak","og_description":"Servicios Adicionales Realizaci\u00f3n de piercing (nariz y orejas) Venta de cosm\u00e9ticos y productos capilares veganos Venta de bisuter\u00eda y complementos Bonos regalo de todos nuestros servicios Sal\u00f3n adaptado para personas con movilidad reducida Servicio a domicilio","og_url":"https:\/\/vogueestilistak.com\/eus\/servicios_adicionales\/","og_site_name":"Vogue estilistak","article_modified_time":"2024-07-04T09:51:05+00:00","twitter_card":"summary_large_image","twitter_misc":{"Est. reading time":"1 minutua"},"schema":{"@context":"https:\/\/schema.org","@graph":[{"@type":"WebPage","@id":"https:\/\/vogueestilistak.com\/servicios_adicionales\/","url":"https:\/\/vogueestilistak.com\/servicios_adicionales\/","name":"Servicios Adicionales - Vogue estilistak","isPartOf":{"@id":"https:\/\/vogueestilistak.com\/#website"},"datePublished":"2024-07-02T15:55:12+00:00","dateModified":"2024-07-04T09:51:05+00:00","breadcrumb":{"@id":"https:\/\/vogueestilistak.com\/servicios_adicionales\/#breadcrumb"},"inLanguage":"eu","potentialAction":[{"@type":"ReadAction","target":["https:\/\/vogueestilistak.com\/servicios_adicionales\/"]}]},{"@type":"BreadcrumbList","@id":"https:\/\/vogueestilistak.com\/servicios_adicionales\/#breadcrumb","itemListElement":[{"@type":"ListItem","position":1,"name":"Portada","item":"https:\/\/vogueestilistak.com\/"},{"@type":"ListItem","position":2,"name":"Servicios Adicionales"}]},{"@type":"WebSite","@id":"https:\/\/vogueestilistak.com\/#website","url":"https:\/\/vogueestilistak.com\/","name":"Vogue estilistak","description":"","publisher":{"@id":"https:\/\/vogueestilistak.com\/#organization"},"potentialAction":[{"@type":"SearchAction","target":{"@type":"EntryPoint","urlTemplate":"https:\/\/vogueestilistak.com\/?s={search_term_string}"},"query-input":{"@type":"PropertyValueSpecification","valueRequired":true,"valueName":"search_term_string"}}],"inLanguage":"eu"},{"@type":"Organization","@id":"https:\/\/vogueestilistak.com\/#organization","name":"Vogue estilistak","url":"https:\/\/vogueestilistak.com\/","logo":{"@type":"ImageObject","inLanguage":"eu","@id":"https:\/\/vogueestilistak.com\/#\/schema\/logo\/image\/","url":"https:\/\/vogueestilistak.com\/wp-content\/uploads\/2024\/07\/cropped-Logo-Vogue_Mesa-de-trabajo-1.png","contentUrl":"https:\/\/vogueestilistak.com\/wp-content\/uploads\/2024\/07\/cropped-Logo-Vogue_Mesa-de-trabajo-1.png","width":1919,"height":958,"caption":"Vogue estilistak"},"image":{"@id":"https:\/\/vogueestilistak.com\/#\/schema\/logo\/image\/"}}]}},"_links":{"self":[{"href":"https:\/\/vogueestilistak.com\/eus\/wp-json\/wp\/v2\/pages\/1373","targetHints":{"allow":["GET"]}}],"collection":[{"href":"https:\/\/vogueestilistak.com\/eus\/wp-json\/wp\/v2\/pages"}],"about":[{"href":"https:\/\/vogueestilistak.com\/eus\/wp-json\/wp\/v2\/types\/page"}],"author":[{"embeddable":true,"href":"https:\/\/vogueestilistak.com\/eus\/wp-json\/wp\/v2\/users\/1"}],"replies":[{"embeddable":true,"href":"https:\/\/vogueestilistak.com\/eus\/wp-json\/wp\/v2\/comments?post=1373"}],"version-history":[{"count":97,"href":"https:\/\/vogueestilistak.com\/eus\/wp-json\/wp\/v2\/pages\/1373\/revisions"}],"predecessor-version":[{"id":2820,"href":"https:\/\/vogueestilistak.com\/eus\/wp-json\/wp\/v2\/pages\/1373\/revisions\/2820"}],"wp:attachment":[{"href":"https:\/\/vogueestilistak.com\/eus\/wp-json\/wp\/v2\/media?parent=1373"}],"curies":[{"name":"wp","href":"https:\/\/api.w.org\/{rel}","templated":true}]}}