{"id":1371,"date":"2024-07-02T15:54:35","date_gmt":"2024-07-02T15:54:35","guid":{"rendered":"https:\/\/vogueestilistak.rkinformatika.online\/?page_id=1371"},"modified":"2024-07-04T09:49:06","modified_gmt":"2024-07-04T09:49:06","slug":"tratamientos_esteticos","status":"publish","type":"page","link":"https:\/\/vogueestilistak.com\/eus\/tratamientos_esteticos\/","title":{"rendered":"Tratamendu Estetikoak"},"content":{"rendered":"<div data-elementor-type=\"wp-page\" data-elementor-id=\"1371\" class=\"elementor elementor-1371\" data-elementor-post-type=\"page\">\n\t\t\t\t<div class=\"elementor-element elementor-element-3fd35d8 e-con-full e-flex e-con e-parent\" data-id=\"3fd35d8\" data-element_type=\"container\" data-e-type=\"container\" data-settings=\"{&quot;background_background&quot;:&quot;classic&quot;}\">\n\t\t<div class=\"elementor-element elementor-element-4e2b721 e-flex e-con-boxed e-con e-child\" data-id=\"4e2b721\" data-element_type=\"container\" data-e-type=\"container\">\n\t\t\t\t\t<div class=\"e-con-inner\">\n\t\t\t\t<div class=\"elementor-element elementor-element-0e2b1af elementor-invisible elementor-widget elementor-widget-heading\" data-id=\"0e2b1af\" data-element_type=\"widget\" data-e-type=\"widget\" data-settings=\"{&quot;_animation&quot;:&quot;fadeInRight&quot;}\" data-widget_type=\"heading.default\">\n\t\t\t\t<div class=\"elementor-widget-container\">\n\t\t\t\t\t<h2 class=\"elementor-heading-title elementor-size-default\">Tratamendu Estetikoak<\/h2>\t\t\t\t<\/div>\n\t\t\t\t<\/div>\n\t\t\t\t\t<\/div>\n\t\t\t\t<\/div>\n\t\t<div class=\"elementor-element elementor-element-21ea10c e-con-full e-flex e-con e-child\" data-id=\"21ea10c\" data-element_type=\"container\" data-e-type=\"container\">\n\t\t<div class=\"elementor-element elementor-element-8a9a3f4 e-con-full e-flex elementor-invisible e-con e-child\" data-id=\"8a9a3f4\" data-element_type=\"container\" data-e-type=\"container\" data-settings=\"{&quot;animation&quot;:&quot;fadeInUp&quot;}\">\n\t\t\t\t<div class=\"elementor-element elementor-element-73c883b elementor-cta--layout-image-above elementor-widget__width-inherit elementor-widget-tablet__width-inherit elementor-cta--skin-classic elementor-animated-content elementor-bg-transform elementor-bg-transform-zoom-in elementor-widget elementor-widget-call-to-action\" data-id=\"73c883b\" data-element_type=\"widget\" data-e-type=\"widget\" data-widget_type=\"call-to-action.default\">\n\t\t\t\t<div class=\"elementor-widget-container\">\n\t\t\t\t\t\t\t<div class=\"elementor-cta\">\n\t\t\t\t\t<div class=\"elementor-cta__bg-wrapper\">\n\t\t\t\t<div class=\"elementor-cta__bg elementor-bg\" style=\"background-image: url(https:\/\/vogueestilistak.com\/wp-content\/uploads\/2024\/07\/Captura-desde-2024-07-01-16-03-06.png);\" role=\"img\" aria-label=\"Captura desde 2024-07-01 16-03-06\"><\/div>\n\t\t\t\t<div class=\"elementor-cta__bg-overlay\"><\/div>\n\t\t\t<\/div>\n\t\t\t\t\t\t\t<div class=\"elementor-cta__content\">\n\t\t\t\t\n\t\t\t\t\t\t\t\t\t<h2 class=\"elementor-cta__title elementor-cta__content-item elementor-content-item\">\n\t\t\t\t\t\tSolarium\t\t\t\t\t<\/h2>\n\t\t\t\t\n\t\t\t\t\n\t\t\t\t\t\t\t<\/div>\n\t\t\t\t\t\t<\/div>\n\t\t\t\t\t\t<\/div>\n\t\t\t\t<\/div>\n\t\t\t\t<\/div>\n\t\t<div class=\"elementor-element elementor-element-b185189 e-con-full e-flex elementor-invisible e-con e-child\" data-id=\"b185189\" data-element_type=\"container\" data-e-type=\"container\" data-settings=\"{&quot;animation&quot;:&quot;fadeInUp&quot;}\">\n\t\t\t\t<div class=\"elementor-element elementor-element-a88d72d elementor-cta--layout-image-above elementor-widget__width-inherit elementor-widget-tablet__width-inherit elementor-cta--skin-classic elementor-animated-content elementor-bg-transform elementor-bg-transform-zoom-in elementor-widget elementor-widget-call-to-action\" data-id=\"a88d72d\" data-element_type=\"widget\" data-e-type=\"widget\" data-widget_type=\"call-to-action.default\">\n\t\t\t\t<div class=\"elementor-widget-container\">\n\t\t\t\t\t\t\t<div class=\"elementor-cta\">\n\t\t\t\t\t<div class=\"elementor-cta__bg-wrapper\">\n\t\t\t\t<div class=\"elementor-cta__bg elementor-bg\" style=\"background-image: url(https:\/\/vogueestilistak.com\/wp-content\/uploads\/2024\/07\/portrait-of-smiling-woman-applying-make-up-at-the-mirror-1024x683.jpg);\" role=\"img\" aria-label=\"Portrait of smiling woman applying make up at the mirror\"><\/div>\n\t\t\t\t<div class=\"elementor-cta__bg-overlay\"><\/div>\n\t\t\t<\/div>\n\t\t\t\t\t\t\t<div class=\"elementor-cta__content\">\n\t\t\t\t\n\t\t\t\t\t\t\t\t\t<h2 class=\"elementor-cta__title elementor-cta__content-item elementor-content-item\">\n\t\t\t\t\t\tMaquillaje\t\t\t\t\t<\/h2>\n\t\t\t\t\n\t\t\t\t\n\t\t\t\t\t\t\t<\/div>\n\t\t\t\t\t\t<\/div>\n\t\t\t\t\t\t<\/div>\n\t\t\t\t<\/div>\n\t\t\t\t<\/div>\n\t\t<div class=\"elementor-element elementor-element-1682a21 e-con-full e-flex elementor-invisible e-con e-child\" data-id=\"1682a21\" data-element_type=\"container\" data-e-type=\"container\" data-settings=\"{&quot;animation&quot;:&quot;fadeInUp&quot;}\">\n\t\t\t\t<div class=\"elementor-element elementor-element-6089a5b elementor-cta--layout-image-above elementor-widget__width-inherit elementor-widget-tablet__width-inherit elementor-cta--skin-classic elementor-animated-content elementor-bg-transform elementor-bg-transform-zoom-in elementor-widget elementor-widget-call-to-action\" data-id=\"6089a5b\" data-element_type=\"widget\" data-e-type=\"widget\" data-widget_type=\"call-to-action.default\">\n\t\t\t\t<div class=\"elementor-widget-container\">\n\t\t\t\t\t\t\t<div class=\"elementor-cta\">\n\t\t\t\t\t<div class=\"elementor-cta__bg-wrapper\">\n\t\t\t\t<div class=\"elementor-cta__bg elementor-bg\" style=\"background-image: url(https:\/\/vogueestilistak.com\/wp-content\/uploads\/2024\/07\/wax-granules-in-the-hand-of-a-cosmetologist-girl-spatula-and-wax-in-hand-body-hair-removal-wax--1024x713.jpg);\" role=\"img\" aria-label=\"Wax granules in the hand of a cosmetologist girl. Spatula and wax in hand. Body hair removal wax.\"><\/div>\n\t\t\t\t<div class=\"elementor-cta__bg-overlay\"><\/div>\n\t\t\t<\/div>\n\t\t\t\t\t\t\t<div class=\"elementor-cta__content\">\n\t\t\t\t\n\t\t\t\t\t\t\t\t\t<h2 class=\"elementor-cta__title elementor-cta__content-item elementor-content-item\">\n\t\t\t\t\t\tCera\t\t\t\t\t<\/h2>\n\t\t\t\t\n\t\t\t\t\n\t\t\t\t\t\t\t<\/div>\n\t\t\t\t\t\t<\/div>\n\t\t\t\t\t\t<\/div>\n\t\t\t\t<\/div>\n\t\t\t\t<\/div>\n\t\t\t\t<\/div>\n\t\t\t\t<\/div>\n\t\t<div class=\"elementor-element elementor-element-b39d278 e-con-full e-flex e-con e-parent\" data-id=\"b39d278\" data-element_type=\"container\" data-e-type=\"container\" data-settings=\"{&quot;background_background&quot;:&quot;classic&quot;}\">\n\t\t<div class=\"elementor-element elementor-element-7c38bea e-con-full e-flex e-con e-child\" data-id=\"7c38bea\" data-element_type=\"container\" data-e-type=\"container\">\n\t\t<div class=\"elementor-element elementor-element-f928966 e-con-full e-flex elementor-invisible e-con e-child\" data-id=\"f928966\" data-element_type=\"container\" data-e-type=\"container\" data-settings=\"{&quot;animation&quot;:&quot;fadeInUp&quot;}\">\n\t\t\t\t<div class=\"elementor-element elementor-element-0b3ecd1 elementor-cta--layout-image-above elementor-widget__width-inherit elementor-widget-tablet__width-inherit elementor-cta--skin-classic elementor-animated-content elementor-bg-transform elementor-bg-transform-zoom-in elementor-widget elementor-widget-call-to-action\" data-id=\"0b3ecd1\" data-element_type=\"widget\" data-e-type=\"widget\" data-widget_type=\"call-to-action.default\">\n\t\t\t\t<div class=\"elementor-widget-container\">\n\t\t\t\t\t\t\t<div class=\"elementor-cta\">\n\t\t\t\t\t<div class=\"elementor-cta__bg-wrapper\">\n\t\t\t\t<div class=\"elementor-cta__bg elementor-bg\" style=\"background-image: url(https:\/\/vogueestilistak.com\/wp-content\/uploads\/2024\/07\/Captura-desde-2024-07-01-17-30-39.png);\" role=\"img\" aria-label=\"Captura desde 2024-07-01 17-30-39\"><\/div>\n\t\t\t\t<div class=\"elementor-cta__bg-overlay\"><\/div>\n\t\t\t<\/div>\n\t\t\t\t\t\t\t<div class=\"elementor-cta__content\">\n\t\t\t\t\n\t\t\t\t\t\t\t\t\t<h2 class=\"elementor-cta__title elementor-cta__content-item elementor-content-item\">\n\t\t\t\t\t\tL\u00e1ser diodo\t\t\t\t\t<\/h2>\n\t\t\t\t\n\t\t\t\t\n\t\t\t\t\t\t\t<\/div>\n\t\t\t\t\t\t<\/div>\n\t\t\t\t\t\t<\/div>\n\t\t\t\t<\/div>\n\t\t\t\t<\/div>\n\t\t<div class=\"elementor-element elementor-element-fb29aa1 e-con-full e-flex elementor-invisible e-con e-child\" data-id=\"fb29aa1\" data-element_type=\"container\" data-e-type=\"container\" data-settings=\"{&quot;animation&quot;:&quot;fadeInUp&quot;}\">\n\t\t\t\t<div class=\"elementor-element elementor-element-20d68ba elementor-cta--layout-image-above elementor-widget__width-inherit elementor-widget-tablet__width-inherit elementor-cta--skin-classic elementor-animated-content elementor-bg-transform elementor-bg-transform-zoom-in elementor-widget elementor-widget-call-to-action\" data-id=\"20d68ba\" data-element_type=\"widget\" data-e-type=\"widget\" data-widget_type=\"call-to-action.default\">\n\t\t\t\t<div class=\"elementor-widget-container\">\n\t\t\t\t\t\t\t<div class=\"elementor-cta\">\n\t\t\t\t\t<div class=\"elementor-cta__bg-wrapper\">\n\t\t\t\t<div class=\"elementor-cta__bg elementor-bg\" style=\"background-image: url(https:\/\/vogueestilistak.com\/wp-content\/uploads\/2024\/07\/spa-practitioner-prepping-adult-woman-for-holistic-massage-session-1024x682.jpg);\" role=\"img\" aria-label=\"Spa practitioner prepping adult woman for holistic massage session\"><\/div>\n\t\t\t\t<div class=\"elementor-cta__bg-overlay\"><\/div>\n\t\t\t<\/div>\n\t\t\t\t\t\t\t<div class=\"elementor-cta__content\">\n\t\t\t\t\n\t\t\t\t\t\t\t\t\t<h2 class=\"elementor-cta__title elementor-cta__content-item elementor-content-item\">\n\t\t\t\t\t\tMasajes hol\u00edsticos\t\t\t\t\t<\/h2>\n\t\t\t\t\n\t\t\t\t\n\t\t\t\t\t\t\t<\/div>\n\t\t\t\t\t\t<\/div>\n\t\t\t\t\t\t<\/div>\n\t\t\t\t<\/div>\n\t\t\t\t<\/div>\n\t\t\t\t<\/div>\n\t\t\t\t<\/div>\n\t\t<div class=\"elementor-element elementor-element-753945d e-con-full e-flex e-con e-parent\" data-id=\"753945d\" data-element_type=\"container\" data-e-type=\"container\" data-settings=\"{&quot;background_background&quot;:&quot;classic&quot;}\">\n\t\t<div class=\"elementor-element elementor-element-f6205af e-con-full e-flex e-con e-child\" data-id=\"f6205af\" data-element_type=\"container\" data-e-type=\"container\">\n\t\t<div class=\"elementor-element elementor-element-4dc1059 e-con-full e-flex elementor-invisible e-con e-child\" data-id=\"4dc1059\" data-element_type=\"container\" data-e-type=\"container\" data-settings=\"{&quot;animation&quot;:&quot;fadeInUp&quot;}\">\n\t\t\t\t<div class=\"elementor-element elementor-element-cff7a4e elementor-cta--layout-image-above elementor-widget__width-inherit elementor-widget-tablet__width-inherit elementor-cta--skin-classic elementor-animated-content elementor-bg-transform elementor-bg-transform-zoom-in elementor-widget elementor-widget-call-to-action\" data-id=\"cff7a4e\" data-element_type=\"widget\" data-e-type=\"widget\" data-widget_type=\"call-to-action.default\">\n\t\t\t\t<div class=\"elementor-widget-container\">\n\t\t\t\t\t\t\t<div class=\"elementor-cta\">\n\t\t\t\t\t<div class=\"elementor-cta__bg-wrapper\">\n\t\t\t\t<div class=\"elementor-cta__bg elementor-bg\" style=\"background-image: url(https:\/\/vogueestilistak.com\/wp-content\/uploads\/2024\/07\/a-cosmetologist-does-facial-care-and-apply-a-face-mask-cleansing-a-heavily-soiled-face--1024x682.jpg);\" role=\"img\" aria-label=\"A cosmetologist does facial care and apply a face mask. cleansing a heavily soiled face.\"><\/div>\n\t\t\t\t<div class=\"elementor-cta__bg-overlay\"><\/div>\n\t\t\t<\/div>\n\t\t\t\t\t\t\t<div class=\"elementor-cta__content\">\n\t\t\t\t\n\t\t\t\t\t\t\t\t\t<h2 class=\"elementor-cta__title elementor-cta__content-item elementor-content-item\">\n\t\t\t\t\t\tLimpieza facial hol\u00edstica\t\t\t\t\t<\/h2>\n\t\t\t\t\n\t\t\t\t\n\t\t\t\t\t\t\t<\/div>\n\t\t\t\t\t\t<\/div>\n\t\t\t\t\t\t<\/div>\n\t\t\t\t<\/div>\n\t\t\t\t<\/div>\n\t\t<div class=\"elementor-element elementor-element-f7387ee e-con-full e-flex elementor-invisible e-con e-child\" data-id=\"f7387ee\" data-element_type=\"container\" data-e-type=\"container\" data-settings=\"{&quot;animation&quot;:&quot;fadeInUp&quot;}\">\n\t\t\t\t<div class=\"elementor-element elementor-element-9502e75 elementor-cta--layout-image-above elementor-widget__width-inherit elementor-widget-tablet__width-inherit elementor-cta--skin-classic elementor-animated-content elementor-bg-transform elementor-bg-transform-zoom-in elementor-widget elementor-widget-call-to-action\" data-id=\"9502e75\" data-element_type=\"widget\" data-e-type=\"widget\" data-widget_type=\"call-to-action.default\">\n\t\t\t\t<div class=\"elementor-widget-container\">\n\t\t\t\t\t\t\t<div class=\"elementor-cta\">\n\t\t\t\t\t<div class=\"elementor-cta__bg-wrapper\">\n\t\t\t\t<div class=\"elementor-cta__bg elementor-bg\" style=\"background-image: url(https:\/\/vogueestilistak.com\/wp-content\/uploads\/2024\/07\/permanent-make-up-on-eyebrows-at-beauty-salon-1024x682.jpg);\" role=\"img\" aria-label=\"Permanent make up on eyebrows at beauty salon\"><\/div>\n\t\t\t\t<div class=\"elementor-cta__bg-overlay\"><\/div>\n\t\t\t<\/div>\n\t\t\t\t\t\t\t<div class=\"elementor-cta__content\">\n\t\t\t\t\n\t\t\t\t\t\t\t\t\t<h2 class=\"elementor-cta__title elementor-cta__content-item elementor-content-item\">\n\t\t\t\t\t\tManicura semipermanent\t\t\t\t\t<\/h2>\n\t\t\t\t\n\t\t\t\t\n\t\t\t\t\t\t\t<\/div>\n\t\t\t\t\t\t<\/div>\n\t\t\t\t\t\t<\/div>\n\t\t\t\t<\/div>\n\t\t\t\t<\/div>\n\t\t<div class=\"elementor-element elementor-element-bb7fa9b e-con-full e-flex elementor-invisible e-con e-child\" data-id=\"bb7fa9b\" data-element_type=\"container\" data-e-type=\"container\" data-settings=\"{&quot;animation&quot;:&quot;fadeInUp&quot;}\">\n\t\t\t\t<div class=\"elementor-element elementor-element-79c1f2a elementor-cta--layout-image-above elementor-widget__width-inherit elementor-widget-tablet__width-inherit elementor-cta--skin-classic elementor-animated-content elementor-bg-transform elementor-bg-transform-zoom-in elementor-widget elementor-widget-call-to-action\" data-id=\"79c1f2a\" data-element_type=\"widget\" data-e-type=\"widget\" data-widget_type=\"call-to-action.default\">\n\t\t\t\t<div class=\"elementor-widget-container\">\n\t\t\t\t\t\t\t<div class=\"elementor-cta\">\n\t\t\t\t\t<div class=\"elementor-cta__bg-wrapper\">\n\t\t\t\t<div class=\"elementor-cta__bg elementor-bg\" style=\"background-image: url(https:\/\/vogueestilistak.com\/wp-content\/uploads\/2024\/07\/pedicure-at-spa-salon-1024x684.jpg);\" role=\"img\" aria-label=\"Pedicure at spa salon\"><\/div>\n\t\t\t\t<div class=\"elementor-cta__bg-overlay\"><\/div>\n\t\t\t<\/div>\n\t\t\t\t\t\t\t<div class=\"elementor-cta__content\">\n\t\t\t\t\n\t\t\t\t\t\t\t\t\t<h2 class=\"elementor-cta__title elementor-cta__content-item elementor-content-item\">\n\t\t\t\t\t\tPedicura + spa\t\t\t\t\t<\/h2>\n\t\t\t\t\n\t\t\t\t\n\t\t\t\t\t\t\t<\/div>\n\t\t\t\t\t\t<\/div>\n\t\t\t\t\t\t<\/div>\n\t\t\t\t<\/div>\n\t\t\t\t<\/div>\n\t\t\t\t<\/div>\n\t\t\t\t<\/div>\n\t\t\t\t<\/div>","protected":false},"excerpt":{"rendered":"<p>Tratamientos Est\u00e9ticos Solarium Maquillaje Cera L\u00e1ser diodo Masajes hol\u00edsticos Limpieza facial hol\u00edstica Manicura semipermanent Pedicura + spa<\/p>","protected":false},"author":1,"featured_media":0,"parent":0,"menu_order":0,"comment_status":"closed","ping_status":"closed","template":"elementor_canvas","meta":{"footnotes":""},"class_list":["post-1371","page","type-page","status-publish","hentry"],"yoast_head":"<!-- This site is optimized with the Yoast SEO plugin v27.3 - https:\/\/yoast.com\/product\/yoast-seo-wordpress\/ -->\n<title>Tratamientos Est\u00e9ticos - Vogue estilistak<\/title>\n<meta name=\"robots\" content=\"index, follow, max-snippet:-1, max-image-preview:large, max-video-preview:-1\" \/>\n<link rel=\"canonical\" href=\"https:\/\/vogueestilistak.com\/eus\/tratamientos_esteticos\/\" \/>\n<meta property=\"og:locale\" content=\"en_US\" \/>\n<meta property=\"og:type\" content=\"article\" \/>\n<meta property=\"og:title\" content=\"Tratamientos Est\u00e9ticos - Vogue estilistak\" \/>\n<meta property=\"og:description\" content=\"Tratamientos Est\u00e9ticos Solarium Maquillaje Cera L\u00e1ser diodo Masajes hol\u00edsticos Limpieza facial hol\u00edstica Manicura semipermanent Pedicura + spa\" \/>\n<meta property=\"og:url\" content=\"https:\/\/vogueestilistak.com\/eus\/tratamientos_esteticos\/\" \/>\n<meta property=\"og:site_name\" content=\"Vogue estilistak\" \/>\n<meta property=\"article:modified_time\" content=\"2024-07-04T09:49:06+00:00\" \/>\n<meta name=\"twitter:card\" content=\"summary_large_image\" \/>\n<meta name=\"twitter:label1\" content=\"Est. reading time\" \/>\n\t<meta name=\"twitter:data1\" content=\"1 minutua\" \/>\n<script type=\"application\/ld+json\" class=\"yoast-schema-graph\">{\"@context\":\"https:\\\/\\\/schema.org\",\"@graph\":[{\"@type\":\"WebPage\",\"@id\":\"https:\\\/\\\/vogueestilistak.com\\\/tratamientos_esteticos\\\/\",\"url\":\"https:\\\/\\\/vogueestilistak.com\\\/tratamientos_esteticos\\\/\",\"name\":\"Tratamientos Est\u00e9ticos - Vogue estilistak\",\"isPartOf\":{\"@id\":\"https:\\\/\\\/vogueestilistak.com\\\/#website\"},\"datePublished\":\"2024-07-02T15:54:35+00:00\",\"dateModified\":\"2024-07-04T09:49:06+00:00\",\"breadcrumb\":{\"@id\":\"https:\\\/\\\/vogueestilistak.com\\\/tratamientos_esteticos\\\/#breadcrumb\"},\"inLanguage\":\"eu\",\"potentialAction\":[{\"@type\":\"ReadAction\",\"target\":[\"https:\\\/\\\/vogueestilistak.com\\\/tratamientos_esteticos\\\/\"]}]},{\"@type\":\"BreadcrumbList\",\"@id\":\"https:\\\/\\\/vogueestilistak.com\\\/tratamientos_esteticos\\\/#breadcrumb\",\"itemListElement\":[{\"@type\":\"ListItem\",\"position\":1,\"name\":\"Portada\",\"item\":\"https:\\\/\\\/vogueestilistak.com\\\/\"},{\"@type\":\"ListItem\",\"position\":2,\"name\":\"Tratamientos Est\u00e9ticos\"}]},{\"@type\":\"WebSite\",\"@id\":\"https:\\\/\\\/vogueestilistak.com\\\/#website\",\"url\":\"https:\\\/\\\/vogueestilistak.com\\\/\",\"name\":\"Vogue estilistak\",\"description\":\"\",\"publisher\":{\"@id\":\"https:\\\/\\\/vogueestilistak.com\\\/#organization\"},\"potentialAction\":[{\"@type\":\"SearchAction\",\"target\":{\"@type\":\"EntryPoint\",\"urlTemplate\":\"https:\\\/\\\/vogueestilistak.com\\\/?s={search_term_string}\"},\"query-input\":{\"@type\":\"PropertyValueSpecification\",\"valueRequired\":true,\"valueName\":\"search_term_string\"}}],\"inLanguage\":\"eu\"},{\"@type\":\"Organization\",\"@id\":\"https:\\\/\\\/vogueestilistak.com\\\/#organization\",\"name\":\"Vogue estilistak\",\"url\":\"https:\\\/\\\/vogueestilistak.com\\\/\",\"logo\":{\"@type\":\"ImageObject\",\"inLanguage\":\"eu\",\"@id\":\"https:\\\/\\\/vogueestilistak.com\\\/#\\\/schema\\\/logo\\\/image\\\/\",\"url\":\"https:\\\/\\\/vogueestilistak.com\\\/wp-content\\\/uploads\\\/2024\\\/07\\\/cropped-Logo-Vogue_Mesa-de-trabajo-1.png\",\"contentUrl\":\"https:\\\/\\\/vogueestilistak.com\\\/wp-content\\\/uploads\\\/2024\\\/07\\\/cropped-Logo-Vogue_Mesa-de-trabajo-1.png\",\"width\":1919,\"height\":958,\"caption\":\"Vogue estilistak\"},\"image\":{\"@id\":\"https:\\\/\\\/vogueestilistak.com\\\/#\\\/schema\\\/logo\\\/image\\\/\"}}]}<\/script>\n<!-- \/ Yoast SEO plugin. -->","yoast_head_json":{"title":"Tratamientos Est\u00e9ticos - Vogue estilistak","robots":{"index":"index","follow":"follow","max-snippet":"max-snippet:-1","max-image-preview":"max-image-preview:large","max-video-preview":"max-video-preview:-1"},"canonical":"https:\/\/vogueestilistak.com\/eus\/tratamientos_esteticos\/","og_locale":"en_US","og_type":"article","og_title":"Tratamientos Est\u00e9ticos - Vogue estilistak","og_description":"Tratamientos Est\u00e9ticos Solarium Maquillaje Cera L\u00e1ser diodo Masajes hol\u00edsticos Limpieza facial hol\u00edstica Manicura semipermanent Pedicura + spa","og_url":"https:\/\/vogueestilistak.com\/eus\/tratamientos_esteticos\/","og_site_name":"Vogue estilistak","article_modified_time":"2024-07-04T09:49:06+00:00","twitter_card":"summary_large_image","twitter_misc":{"Est. reading time":"1 minutua"},"schema":{"@context":"https:\/\/schema.org","@graph":[{"@type":"WebPage","@id":"https:\/\/vogueestilistak.com\/tratamientos_esteticos\/","url":"https:\/\/vogueestilistak.com\/tratamientos_esteticos\/","name":"Tratamientos Est\u00e9ticos - Vogue estilistak","isPartOf":{"@id":"https:\/\/vogueestilistak.com\/#website"},"datePublished":"2024-07-02T15:54:35+00:00","dateModified":"2024-07-04T09:49:06+00:00","breadcrumb":{"@id":"https:\/\/vogueestilistak.com\/tratamientos_esteticos\/#breadcrumb"},"inLanguage":"eu","potentialAction":[{"@type":"ReadAction","target":["https:\/\/vogueestilistak.com\/tratamientos_esteticos\/"]}]},{"@type":"BreadcrumbList","@id":"https:\/\/vogueestilistak.com\/tratamientos_esteticos\/#breadcrumb","itemListElement":[{"@type":"ListItem","position":1,"name":"Portada","item":"https:\/\/vogueestilistak.com\/"},{"@type":"ListItem","position":2,"name":"Tratamientos Est\u00e9ticos"}]},{"@type":"WebSite","@id":"https:\/\/vogueestilistak.com\/#website","url":"https:\/\/vogueestilistak.com\/","name":"Vogue estilistak","description":"","publisher":{"@id":"https:\/\/vogueestilistak.com\/#organization"},"potentialAction":[{"@type":"SearchAction","target":{"@type":"EntryPoint","urlTemplate":"https:\/\/vogueestilistak.com\/?s={search_term_string}"},"query-input":{"@type":"PropertyValueSpecification","valueRequired":true,"valueName":"search_term_string"}}],"inLanguage":"eu"},{"@type":"Organization","@id":"https:\/\/vogueestilistak.com\/#organization","name":"Vogue estilistak","url":"https:\/\/vogueestilistak.com\/","logo":{"@type":"ImageObject","inLanguage":"eu","@id":"https:\/\/vogueestilistak.com\/#\/schema\/logo\/image\/","url":"https:\/\/vogueestilistak.com\/wp-content\/uploads\/2024\/07\/cropped-Logo-Vogue_Mesa-de-trabajo-1.png","contentUrl":"https:\/\/vogueestilistak.com\/wp-content\/uploads\/2024\/07\/cropped-Logo-Vogue_Mesa-de-trabajo-1.png","width":1919,"height":958,"caption":"Vogue estilistak"},"image":{"@id":"https:\/\/vogueestilistak.com\/#\/schema\/logo\/image\/"}}]}},"_links":{"self":[{"href":"https:\/\/vogueestilistak.com\/eus\/wp-json\/wp\/v2\/pages\/1371","targetHints":{"allow":["GET"]}}],"collection":[{"href":"https:\/\/vogueestilistak.com\/eus\/wp-json\/wp\/v2\/pages"}],"about":[{"href":"https:\/\/vogueestilistak.com\/eus\/wp-json\/wp\/v2\/types\/page"}],"author":[{"embeddable":true,"href":"https:\/\/vogueestilistak.com\/eus\/wp-json\/wp\/v2\/users\/1"}],"replies":[{"embeddable":true,"href":"https:\/\/vogueestilistak.com\/eus\/wp-json\/wp\/v2\/comments?post=1371"}],"version-history":[{"count":28,"href":"https:\/\/vogueestilistak.com\/eus\/wp-json\/wp\/v2\/pages\/1371\/revisions"}],"predecessor-version":[{"id":2813,"href":"https:\/\/vogueestilistak.com\/eus\/wp-json\/wp\/v2\/pages\/1371\/revisions\/2813"}],"wp:attachment":[{"href":"https:\/\/vogueestilistak.com\/eus\/wp-json\/wp\/v2\/media?parent=1371"}],"curies":[{"name":"wp","href":"https:\/\/api.w.org\/{rel}","templated":true}]}}